{"id":466,"date":"2023-10-23T13:05:49","date_gmt":"2023-10-23T11:05:49","guid":{"rendered":"https:\/\/ristorantelabrenva.it\/reservez-maintenant\/"},"modified":"2024-01-15T13:05:11","modified_gmt":"2024-01-15T11:05:11","slug":"reservez-maintenant","status":"publish","type":"page","link":"https:\/\/ristorantelabrenva.it\/fr\/reservez-maintenant\/","title":{"rendered":"R\u00e9servez Maintenant"},"content":{"rendered":"<div class=\"wpb-content-wrapper\"><p>[vc_row][vc_column][vc_empty_space][vc_column_text]<\/p>\n<h2 style=\"text-align: center;\">R\u00e9servez une table \u00e0 la Locanda La Brenva.<\/h2>\n<p style=\"text-align: center;\">Pour r\u00e9server une table \u00e0 La Brenva, nous offrons deux options pour votre commodit\u00e9:<\/p>\n<p>&nbsp;<\/p>\n<h3 style=\"text-align: center;\"><strong>Appelez-nous directement<\/strong><\/h3>\n<p style=\"text-align: center;\">Pour une r\u00e9servation imm\u00e9diate, vous pouvez nous contacter par t\u00e9l\u00e9phone au <a href=\"tel:+390165517728\"><strong>+39 0165.51.77.28<\/strong><\/a> Notre \u00e9quipe sera \u00e0 votre disposition pour vous aider \u00e0 choisir la table et organiser votre visite.<\/p>\n<p>&nbsp;<\/p>\n<h3 style=\"text-align: center;\"><strong>Utilisez le Formulaire En Ligne<\/strong><\/h3>\n<p style=\"text-align: center;\">Si vous pr\u00e9f\u00e9rez une approche en ligne, nous vous invitons \u00e0 remplir le formulaire disponible sur cette page. Une fois envoy\u00e9, notre personnel confirmera votre r\u00e9servation et vous fournira tous les d\u00e9tails n\u00e9cessaires.<\/p>\n<p>&nbsp;<\/p>\n<p style=\"text-align: center;\">Nous sommes impatients de vous accueillir \u00e0 La Brenva et de vous offrir une exp\u00e9rience culinaire extraordinaire. Nous vous remercions de nous avoir choisis et attendons avec impatience votre visite<\/p>\n<p>[\/vc_column_text]\n<div class=\"wpcf7 no-js\" id=\"wpcf7-f426-o1\" lang=\"fr-FR\" dir=\"ltr\" data-wpcf7-id=\"426\">\n<div class=\"screen-reader-response\"><p role=\"status\" aria-live=\"polite\" aria-atomic=\"true\"><\/p> <ul><\/ul><\/div>\n<form action=\"\/fr\/wp-json\/wp\/v2\/pages\/466#wpcf7-f426-o1\" method=\"post\" class=\"wpcf7-form init\" aria-label=\"Formulaire de contact\" novalidate=\"novalidate\" data-status=\"init\">\n<fieldset class=\"hidden-fields-container\"><input type=\"hidden\" name=\"_wpcf7\" value=\"426\" \/><input type=\"hidden\" name=\"_wpcf7_version\" value=\"6.1.5\" \/><input type=\"hidden\" name=\"_wpcf7_locale\" value=\"fr_FR\" \/><input type=\"hidden\" name=\"_wpcf7_unit_tag\" value=\"wpcf7-f426-o1\" \/><input type=\"hidden\" name=\"_wpcf7_container_post\" value=\"0\" \/><input type=\"hidden\" name=\"_wpcf7_posted_data_hash\" value=\"\" \/>\n<\/fieldset>\n<p><label> Ton nom<br \/>\n<span class=\"wpcf7-form-control-wrap\" data-name=\"your-name\"><input size=\"40\" maxlength=\"400\" class=\"wpcf7-form-control wpcf7-text wpcf7-validates-as-required\" autocomplete=\"name\" aria-required=\"true\" aria-invalid=\"false\" value=\"\" type=\"text\" name=\"your-name\" \/><\/span> <\/label>\n<\/p>\n<p><label> Ton adresse e-mail<br \/>\n<span class=\"wpcf7-form-control-wrap\" data-name=\"your-email\"><input size=\"40\" maxlength=\"400\" class=\"wpcf7-form-control wpcf7-email wpcf7-validates-as-required wpcf7-text wpcf7-validates-as-email\" autocomplete=\"email\" aria-required=\"true\" aria-invalid=\"false\" value=\"\" type=\"email\" name=\"your-email\" \/><\/span> <\/label>\n<\/p>\n<p><label> Ton num\u00e9ro<br \/>\n<span class=\"wpcf7-form-control-wrap\" data-name=\"Iltuonumero\"><input class=\"wpcf7-form-control wpcf7-number wpcf7-validates-as-required wpcf7-validates-as-number\" aria-required=\"true\" aria-invalid=\"false\" value=\"\" type=\"number\" name=\"Iltuonumero\" \/><\/span> <\/label>\n<\/p>\n<p><label> Date de r\u00e9servation<br \/>\n<span class=\"wpcf7-form-control-wrap\" data-name=\"Datadellaprenotazione\"><input class=\"wpcf7-form-control wpcf7-date wpcf7-validates-as-date\" aria-invalid=\"false\" value=\"\" type=\"date\" name=\"Datadellaprenotazione\" \/><\/span> <\/label>\n<\/p>\n<p><label> Nombre de personnes<br \/>\n<span class=\"wpcf7-form-control-wrap\" data-name=\"Numerodipersone\"><input class=\"wpcf7-form-control wpcf7-number wpcf7-validates-as-number\" aria-invalid=\"false\" value=\"\" type=\"number\" name=\"Numerodipersone\" \/><\/span> <\/label>\n<\/p>\n<p><label> Ton message (facultatif)<br \/>\n<span class=\"wpcf7-form-control-wrap\" data-name=\"your-message\"><textarea cols=\"40\" rows=\"10\" maxlength=\"2000\" class=\"wpcf7-form-control wpcf7-textarea\" aria-invalid=\"false\" name=\"your-message\"><\/textarea><\/span> <\/label>\n<\/p>\n<p><input class=\"wpcf7-form-control wpcf7-submit has-spinner\" type=\"submit\" value=\"Invia\" \/>\n<\/p><div class=\"wpcf7-response-output\" aria-hidden=\"true\"><\/div>\n<\/form>\n<\/div>\n[\/vc_column][\/vc_row][vc_row][vc_column][\/vc_column][\/vc_row]<\/p>\n<\/div>","protected":false},"excerpt":{"rendered":"<p>[vc_row][vc_column][vc_empty_space][vc_column_text] R\u00e9servez une table \u00e0 la Locanda La Brenva. Pour r\u00e9server une table \u00e0 La Brenva, nous offrons deux options pour votre commodit\u00e9: &nbsp; Appelez-nous directement Pour une r\u00e9servation imm\u00e9diate, vous pouvez nous contacter par t\u00e9l\u00e9phone au +39 0165.51.77.28 Notre \u00e9quipe sera \u00e0 votre disposition pour vous aider \u00e0 choisir la table et organiser votre&hellip;<\/p>\n","protected":false},"author":2,"featured_media":0,"parent":0,"menu_order":0,"comment_status":"closed","ping_status":"closed","template":"","meta":{"footnotes":""},"class_list":["post-466","page","type-page","status-publish","hentry","description-off"],"yoast_head":"<!-- This site is optimized with the Yoast SEO plugin v27.5 - https:\/\/yoast.com\/product\/yoast-seo-wordpress\/ -->\n<title>R\u00e9servez Maintenant - La Brenva<\/title>\n<meta name=\"robots\" content=\"index, follow, max-snippet:-1, max-image-preview:large, max-video-preview:-1\" \/>\n<link rel=\"canonical\" href=\"https:\/\/ristorantelabrenva.it\/fr\/reservez-maintenant\/\" \/>\n<meta property=\"og:locale\" content=\"fr_FR\" \/>\n<meta property=\"og:type\" content=\"article\" \/>\n<meta property=\"og:title\" content=\"R\u00e9servez Maintenant - La Brenva\" \/>\n<meta property=\"og:description\" content=\"[vc_row][vc_column][vc_empty_space][vc_column_text] R\u00e9servez une table \u00e0 la Locanda La Brenva. Pour r\u00e9server une table \u00e0 La Brenva, nous offrons deux options pour votre commodit\u00e9: &nbsp; Appelez-nous directement Pour une r\u00e9servation imm\u00e9diate, vous pouvez nous contacter par t\u00e9l\u00e9phone au +39 0165.51.77.28 Notre \u00e9quipe sera \u00e0 votre disposition pour vous aider \u00e0 choisir la table et organiser votre&hellip;\" \/>\n<meta property=\"og:url\" content=\"https:\/\/ristorantelabrenva.it\/fr\/reservez-maintenant\/\" \/>\n<meta property=\"og:site_name\" content=\"La Brenva\" \/>\n<meta property=\"article:modified_time\" content=\"2024-01-15T11:05:11+00:00\" \/>\n<meta property=\"og:image\" content=\"https:\/\/ristorantelabrenva.it\/wp-content\/uploads\/2023\/10\/la-brenva-5.jpg\" \/>\n\t<meta property=\"og:image:width\" content=\"900\" \/>\n\t<meta property=\"og:image:height\" content=\"601\" \/>\n\t<meta property=\"og:image:type\" content=\"image\/jpeg\" \/>\n<meta name=\"twitter:card\" content=\"summary_large_image\" \/>\n<meta name=\"twitter:label1\" content=\"Dur\u00e9e de lecture estim\u00e9e\" \/>\n\t<meta name=\"twitter:data1\" content=\"1 minute\" \/>\n<script type=\"application\/ld+json\" class=\"yoast-schema-graph\">{\"@context\":\"https:\\\/\\\/schema.org\",\"@graph\":[{\"@type\":\"WebPage\",\"@id\":\"https:\\\/\\\/ristorantelabrenva.it\\\/fr\\\/reservez-maintenant\\\/\",\"url\":\"https:\\\/\\\/ristorantelabrenva.it\\\/fr\\\/reservez-maintenant\\\/\",\"name\":\"R\u00e9servez Maintenant - La Brenva\",\"isPartOf\":{\"@id\":\"https:\\\/\\\/ristorantelabrenva.it\\\/fr\\\/#website\"},\"datePublished\":\"2023-10-23T11:05:49+00:00\",\"dateModified\":\"2024-01-15T11:05:11+00:00\",\"breadcrumb\":{\"@id\":\"https:\\\/\\\/ristorantelabrenva.it\\\/fr\\\/reservez-maintenant\\\/#breadcrumb\"},\"inLanguage\":\"fr-FR\",\"potentialAction\":[{\"@type\":\"ReadAction\",\"target\":[\"https:\\\/\\\/ristorantelabrenva.it\\\/fr\\\/reservez-maintenant\\\/\"]}]},{\"@type\":\"BreadcrumbList\",\"@id\":\"https:\\\/\\\/ristorantelabrenva.it\\\/fr\\\/reservez-maintenant\\\/#breadcrumb\",\"itemListElement\":[{\"@type\":\"ListItem\",\"position\":1,\"name\":\"Home\",\"item\":\"https:\\\/\\\/ristorantelabrenva.it\\\/fr\\\/\"},{\"@type\":\"ListItem\",\"position\":2,\"name\":\"R\u00e9servez Maintenant\"}]},{\"@type\":\"WebSite\",\"@id\":\"https:\\\/\\\/ristorantelabrenva.it\\\/fr\\\/#website\",\"url\":\"https:\\\/\\\/ristorantelabrenva.it\\\/fr\\\/\",\"name\":\"Ristorante La Brenva\",\"description\":\"Ristorante La Brenva\",\"publisher\":{\"@id\":\"https:\\\/\\\/ristorantelabrenva.it\\\/fr\\\/#organization\"},\"potentialAction\":[{\"@type\":\"SearchAction\",\"target\":{\"@type\":\"EntryPoint\",\"urlTemplate\":\"https:\\\/\\\/ristorantelabrenva.it\\\/fr\\\/?s={search_term_string}\"},\"query-input\":{\"@type\":\"PropertyValueSpecification\",\"valueRequired\":true,\"valueName\":\"search_term_string\"}}],\"inLanguage\":\"fr-FR\"},{\"@type\":\"Organization\",\"@id\":\"https:\\\/\\\/ristorantelabrenva.it\\\/fr\\\/#organization\",\"name\":\"Ristorante La Brenva\",\"url\":\"https:\\\/\\\/ristorantelabrenva.it\\\/fr\\\/\",\"logo\":{\"@type\":\"ImageObject\",\"inLanguage\":\"fr-FR\",\"@id\":\"https:\\\/\\\/ristorantelabrenva.it\\\/fr\\\/#\\\/schema\\\/logo\\\/image\\\/\",\"url\":\"https:\\\/\\\/ristorantelabrenva.it\\\/wp-content\\\/uploads\\\/2023\\\/10\\\/rsz_logo_new.png\",\"contentUrl\":\"https:\\\/\\\/ristorantelabrenva.it\\\/wp-content\\\/uploads\\\/2023\\\/10\\\/rsz_logo_new.png\",\"width\":114,\"height\":154,\"caption\":\"Ristorante La Brenva\"},\"image\":{\"@id\":\"https:\\\/\\\/ristorantelabrenva.it\\\/fr\\\/#\\\/schema\\\/logo\\\/image\\\/\"}}]}<\/script>\n<!-- \/ Yoast SEO plugin. -->","yoast_head_json":{"title":"R\u00e9servez Maintenant - La Brenva","robots":{"index":"index","follow":"follow","max-snippet":"max-snippet:-1","max-image-preview":"max-image-preview:large","max-video-preview":"max-video-preview:-1"},"canonical":"https:\/\/ristorantelabrenva.it\/fr\/reservez-maintenant\/","og_locale":"fr_FR","og_type":"article","og_title":"R\u00e9servez Maintenant - La Brenva","og_description":"[vc_row][vc_column][vc_empty_space][vc_column_text] R\u00e9servez une table \u00e0 la Locanda La Brenva. Pour r\u00e9server une table \u00e0 La Brenva, nous offrons deux options pour votre commodit\u00e9: &nbsp; Appelez-nous directement Pour une r\u00e9servation imm\u00e9diate, vous pouvez nous contacter par t\u00e9l\u00e9phone au +39 0165.51.77.28 Notre \u00e9quipe sera \u00e0 votre disposition pour vous aider \u00e0 choisir la table et organiser votre&hellip;","og_url":"https:\/\/ristorantelabrenva.it\/fr\/reservez-maintenant\/","og_site_name":"La Brenva","article_modified_time":"2024-01-15T11:05:11+00:00","og_image":[{"width":900,"height":601,"url":"https:\/\/ristorantelabrenva.it\/wp-content\/uploads\/2023\/10\/la-brenva-5.jpg","type":"image\/jpeg"}],"twitter_card":"summary_large_image","twitter_misc":{"Dur\u00e9e de lecture estim\u00e9e":"1 minute"},"schema":{"@context":"https:\/\/schema.org","@graph":[{"@type":"WebPage","@id":"https:\/\/ristorantelabrenva.it\/fr\/reservez-maintenant\/","url":"https:\/\/ristorantelabrenva.it\/fr\/reservez-maintenant\/","name":"R\u00e9servez Maintenant - La Brenva","isPartOf":{"@id":"https:\/\/ristorantelabrenva.it\/fr\/#website"},"datePublished":"2023-10-23T11:05:49+00:00","dateModified":"2024-01-15T11:05:11+00:00","breadcrumb":{"@id":"https:\/\/ristorantelabrenva.it\/fr\/reservez-maintenant\/#breadcrumb"},"inLanguage":"fr-FR","potentialAction":[{"@type":"ReadAction","target":["https:\/\/ristorantelabrenva.it\/fr\/reservez-maintenant\/"]}]},{"@type":"BreadcrumbList","@id":"https:\/\/ristorantelabrenva.it\/fr\/reservez-maintenant\/#breadcrumb","itemListElement":[{"@type":"ListItem","position":1,"name":"Home","item":"https:\/\/ristorantelabrenva.it\/fr\/"},{"@type":"ListItem","position":2,"name":"R\u00e9servez Maintenant"}]},{"@type":"WebSite","@id":"https:\/\/ristorantelabrenva.it\/fr\/#website","url":"https:\/\/ristorantelabrenva.it\/fr\/","name":"Ristorante La Brenva","description":"Ristorante La Brenva","publisher":{"@id":"https:\/\/ristorantelabrenva.it\/fr\/#organization"},"potentialAction":[{"@type":"SearchAction","target":{"@type":"EntryPoint","urlTemplate":"https:\/\/ristorantelabrenva.it\/fr\/?s={search_term_string}"},"query-input":{"@type":"PropertyValueSpecification","valueRequired":true,"valueName":"search_term_string"}}],"inLanguage":"fr-FR"},{"@type":"Organization","@id":"https:\/\/ristorantelabrenva.it\/fr\/#organization","name":"Ristorante La Brenva","url":"https:\/\/ristorantelabrenva.it\/fr\/","logo":{"@type":"ImageObject","inLanguage":"fr-FR","@id":"https:\/\/ristorantelabrenva.it\/fr\/#\/schema\/logo\/image\/","url":"https:\/\/ristorantelabrenva.it\/wp-content\/uploads\/2023\/10\/rsz_logo_new.png","contentUrl":"https:\/\/ristorantelabrenva.it\/wp-content\/uploads\/2023\/10\/rsz_logo_new.png","width":114,"height":154,"caption":"Ristorante La Brenva"},"image":{"@id":"https:\/\/ristorantelabrenva.it\/fr\/#\/schema\/logo\/image\/"}}]}},"_links":{"self":[{"href":"https:\/\/ristorantelabrenva.it\/fr\/wp-json\/wp\/v2\/pages\/466","targetHints":{"allow":["GET"]}}],"collection":[{"href":"https:\/\/ristorantelabrenva.it\/fr\/wp-json\/wp\/v2\/pages"}],"about":[{"href":"https:\/\/ristorantelabrenva.it\/fr\/wp-json\/wp\/v2\/types\/page"}],"author":[{"embeddable":true,"href":"https:\/\/ristorantelabrenva.it\/fr\/wp-json\/wp\/v2\/users\/2"}],"replies":[{"embeddable":true,"href":"https:\/\/ristorantelabrenva.it\/fr\/wp-json\/wp\/v2\/comments?post=466"}],"version-history":[{"count":5,"href":"https:\/\/ristorantelabrenva.it\/fr\/wp-json\/wp\/v2\/pages\/466\/revisions"}],"predecessor-version":[{"id":471,"href":"https:\/\/ristorantelabrenva.it\/fr\/wp-json\/wp\/v2\/pages\/466\/revisions\/471"}],"wp:attachment":[{"href":"https:\/\/ristorantelabrenva.it\/fr\/wp-json\/wp\/v2\/media?parent=466"}],"curies":[{"name":"wp","href":"https:\/\/api.w.org\/{rel}","templated":true}]}}