{"id":434,"date":"2023-10-23T13:06:22","date_gmt":"2023-10-23T11:06:22","guid":{"rendered":"https:\/\/ristorantelabrenva.it\/avis\/"},"modified":"2024-01-15T11:19:44","modified_gmt":"2024-01-15T09:19:44","slug":"avis","status":"publish","type":"page","link":"https:\/\/ristorantelabrenva.it\/fr\/avis\/","title":{"rendered":"Avis"},"content":{"rendered":"<div class=\"wpb-content-wrapper\"><p>[vc_row][vc_column]<style type=\"text\/css\" data-type=\"the7_shortcodes-inline-css\">.testimonials-carousel-shortcode.testimonials-carousel-shortcode-id-38f0904f0511a120f024f05933d4790b.owl-carousel .owl-nav div {\n  width: 36px;\n  height: 36px;\n  border-radius: 500px;\n}\n.testimonials-carousel-shortcode.testimonials-carousel-shortcode-id-38f0904f0511a120f024f05933d4790b.owl-carousel .owl-nav div:before,\n.testimonials-carousel-shortcode.testimonials-carousel-shortcode-id-38f0904f0511a120f024f05933d4790b.owl-carousel .owl-nav div:after {\n  border-width: 0px;\n}\n.testimonials-carousel-shortcode.testimonials-carousel-shortcode-id-38f0904f0511a120f024f05933d4790b.owl-carousel .owl-nav div.owl-prev {\n  top: 50%;\n  transform: translateY(calc(-50% + 0px));\n  left: -43px;\n}\n@media all and (-ms-high-contrast: none) {\n  .testimonials-carousel-shortcode.testimonials-carousel-shortcode-id-38f0904f0511a120f024f05933d4790b.owl-carousel .owl-nav div.owl-prev {\n    transform: translateY(-50%);\n    margin-top: 0px;\n  }\n}\n.testimonials-carousel-shortcode.testimonials-carousel-shortcode-id-38f0904f0511a120f024f05933d4790b.owl-carousel .owl-nav div.owl-prev i {\n  padding: 0px 0px 0px 0px;\n}\n.testimonials-carousel-shortcode.testimonials-carousel-shortcode-id-38f0904f0511a120f024f05933d4790b.owl-carousel .owl-nav div.owl-next {\n  top: 50%;\n  transform: translateY(calc(-50% + 0px));\n  right: -43px;\n}\n@media all and (-ms-high-contrast: none) {\n  .testimonials-carousel-shortcode.testimonials-carousel-shortcode-id-38f0904f0511a120f024f05933d4790b.owl-carousel .owl-nav div.owl-next {\n    transform: translateY(-50%);\n    margin-top: 0px;\n  }\n}\n.testimonials-carousel-shortcode.testimonials-carousel-shortcode-id-38f0904f0511a120f024f05933d4790b.owl-carousel .owl-nav div.owl-next i {\n  padding: 0px 0px 0px 0px;\n}\n.testimonials-carousel-shortcode.testimonials-carousel-shortcode-id-38f0904f0511a120f024f05933d4790b.owl-carousel .owl-nav i {\n  font-size: 18px;\n}\n.testimonials-carousel-shortcode.testimonials-carousel-shortcode-id-38f0904f0511a120f024f05933d4790b.owl-carousel .owl-nav div:not(:hover) i,\n.testimonials-carousel-shortcode.testimonials-carousel-shortcode-id-38f0904f0511a120f024f05933d4790b.owl-carousel .owl-nav div:not(:hover) i:before {\n  color: #ffffff;\n  background: none;\n}\n.testimonials-carousel-shortcode.testimonials-carousel-shortcode-id-38f0904f0511a120f024f05933d4790b.owl-carousel .owl-nav div:hover i,\n.testimonials-carousel-shortcode.testimonials-carousel-shortcode-id-38f0904f0511a120f024f05933d4790b.owl-carousel .owl-nav div:hover i:before {\n  color: rgba(255,255,255,0.75);\n  background: none;\n}\n.testimonials-carousel-shortcode.testimonials-carousel-shortcode-id-38f0904f0511a120f024f05933d4790b .owl-dots {\n  top: calc(100% + 20px);\n  left: 50%;\n  transform: translateX(calc(-50% + 0px));\n}\n@media all and (-ms-high-contrast: none) {\n  .testimonials-carousel-shortcode.testimonials-carousel-shortcode-id-38f0904f0511a120f024f05933d4790b .owl-dots {\n    transform: translateX(-50%);\n    margin-left: 0px;\n  }\n}\n.testimonials-carousel-shortcode.testimonials-carousel-shortcode-id-38f0904f0511a120f024f05933d4790b .owl-dot {\n  width: 10px;\n  height: 10px;\n  margin: 0 8px;\n}\n@media screen and (max-width: 778px) {\n  .testimonials-carousel-shortcode.testimonials-carousel-shortcode-id-38f0904f0511a120f024f05933d4790b.hide-arrows.owl-carousel .owl-nav a {\n    display: none;\n  }\n}\n@media screen and (max-width: 778px) {\n  .testimonials-carousel-shortcode.testimonials-carousel-shortcode-id-38f0904f0511a120f024f05933d4790b.reposition-arrows.owl-carousel .owl-nav .owl-prev {\n    top: 50%;\n    transform: translateY(calc(-50% + 0px));\n    left: -18px;\n  }\n  .testimonials-carousel-shortcode.testimonials-carousel-shortcode-id-38f0904f0511a120f024f05933d4790b.reposition-arrows.owl-carousel .owl-nav .owl-next {\n    top: 50%;\n    transform: translateY(calc(-50% + 0px));\n    right: -18px;\n  }\n}\n@media screen and (max-width: 778px) and all and (-ms-high-contrast: none) {\n  .testimonials-carousel-shortcode.testimonials-carousel-shortcode-id-38f0904f0511a120f024f05933d4790b.reposition-arrows.owl-carousel .owl-nav .owl-prev {\n    transform: translateY(-50%);\n    margin-top: 0px;\n  }\n}\n@media screen and (max-width: 778px) and all and (-ms-high-contrast: none) {\n  .testimonials-carousel-shortcode.testimonials-carousel-shortcode-id-38f0904f0511a120f024f05933d4790b.reposition-arrows.owl-carousel .owl-nav .owl-next {\n    transform: translateY(-50%);\n    margin-top: 0px;\n  }\n}\n.testimonials-carousel-shortcode.testimonials-carousel-shortcode-id-38f0904f0511a120f024f05933d4790b .testimonial-item {\n  padding: 30px 30px 20px 30px;\n}\n.testimonials-carousel-shortcode.testimonials-carousel-shortcode-id-38f0904f0511a120f024f05933d4790b .testimonial-name,\n.testimonials-carousel-shortcode.testimonials-carousel-shortcode-id-38f0904f0511a120f024f05933d4790b .testimonial-name a,\n.testimonials-carousel-shortcode.testimonials-carousel-shortcode-id-38f0904f0511a120f024f05933d4790b .testimonial-name span {\n  margin-bottom: 0px;\n  font-weight: bold;\n}\n.testimonials-carousel-shortcode.testimonials-carousel-shortcode-id-38f0904f0511a120f024f05933d4790b .testimonial-position {\n  margin-bottom: 20px;\n}\n.testimonials-carousel-shortcode.testimonials-carousel-shortcode-id-38f0904f0511a120f024f05933d4790b .testimonial-position,\n.testimonials-carousel-shortcode.testimonials-carousel-shortcode-id-38f0904f0511a120f024f05933d4790b .testimonial-position span {\n  font-weight: bold;\n}\n.testimonials-carousel-shortcode.testimonials-carousel-shortcode-id-38f0904f0511a120f024f05933d4790b  .testimonial-avatar {\n  padding: 0px 20px 20px 0px;\n}\n.testimonials-carousel-shortcode.testimonials-carousel-shortcode-id-38f0904f0511a120f024f05933d4790b  .testimonial-avatar a,\n.testimonials-carousel-shortcode.testimonials-carousel-shortcode-id-38f0904f0511a120f024f05933d4790b  .testimonial-avatar span,\n.testimonials-carousel-shortcode.testimonials-carousel-shortcode-id-38f0904f0511a120f024f05933d4790b  .testimonial-avatar img {\n  max-width: 80px;\n}\n.testimonials-carousel-shortcode.testimonials-carousel-shortcode-id-38f0904f0511a120f024f05933d4790b .dt-css-grid .testimonial-avatar img,\n.testimonials-carousel-shortcode.testimonials-carousel-shortcode-id-38f0904f0511a120f024f05933d4790b .dt-css-grid .testimonial-avatar svg {\n  max-width: 100%;\n}\n.testimonials-carousel-shortcode.testimonials-carousel-shortcode-id-38f0904f0511a120f024f05933d4790b.layout-5:not(.hide-testimonial-avatar) .content-wrap,\n.testimonials-carousel-shortcode.testimonials-carousel-shortcode-id-38f0904f0511a120f024f05933d4790b.layout-6:not(.hide-testimonial-avatar) .content-wrap {\n  width: calc(100% - 80px - 20px - 0px);\n}\n.testimonials-carousel-shortcode.testimonials-carousel-shortcode-id-38f0904f0511a120f024f05933d4790b .testimonial-content {\n  margin-bottom: 0px;\n}\n.testimonials-carousel-shortcode.testimonials-carousel-shortcode-id-38f0904f0511a120f024f05933d4790b  .testimonial-avatar,\n.testimonials-carousel-shortcode.testimonials-carousel-shortcode-id-38f0904f0511a120f024f05933d4790b  .testimonial-avatar a.rollover,\n.testimonials-carousel-shortcode.testimonials-carousel-shortcode-id-38f0904f0511a120f024f05933d4790b  .testimonial-avatar a.rollover *,\n.testimonials-carousel-shortcode.testimonials-carousel-shortcode-id-38f0904f0511a120f024f05933d4790b  .testimonial-avatar img,\n.testimonials-carousel-shortcode.testimonials-carousel-shortcode-id-38f0904f0511a120f024f05933d4790b  .testimonial-avatar .no-avatar,\n.testimonials-carousel-shortcode.testimonials-carousel-shortcode-id-38f0904f0511a120f024f05933d4790b  .testim-no-avatar {\n  border-radius: 500px;\n}\n.testimonials-carousel-shortcode.testimonials-carousel-shortcode-id-38f0904f0511a120f024f05933d4790b  .testimonial-avatar .no-avatar {\n  height: 80px;\n}\n.testimonials-carousel-shortcode.testimonials-carousel-shortcode-id-38f0904f0511a120f024f05933d4790b  .testimonial-avatar .no-avatar {\n  font-size: 80px;\n  width: 80px;\n}<\/style><div class=\"owl-carousel testimonials-carousel-shortcode dt-testimonials-shortcode dt-owl-carousel-call testimonials-carousel-shortcode-id-38f0904f0511a120f024f05933d4790b content-align-center layout-1 content-bg-on bullets-small-dot-stroke reposition-arrows arrows-bg-on dt-arrow-border-on dt-arrow-hover-border-on disable-arrows-hover-bg arrows-hover-bg-on  \" data-scroll-mode=\"1\" data-col-num=\"3\" data-wide-col-num=\"4\" data-laptop-col=\"3\" data-h-tablet-columns-num=\"2\" data-v-tablet-columns-num=\"1\" data-phone-columns-num=\"1\" data-auto-height=\"false\" data-col-gap=\"30\" data-stage-padding=\"0\" data-speed=\"600\" data-autoplay=\"false\" data-autoplay_speed=\"6000\" data-arrows=\"true\" data-bullet=\"false\" data-next-icon=\"icon-ar-017-r\" data-prev-icon=\"icon-ar-017-l\"><div class=\"testimonial-item\"><div class=\"testimonial-avatar\"><span class=\"testimonial-thumb layzr-bg\"><img decoding=\"async\" class=\"preload-me owl-lazy-load aspect\" src=\"data:image\/svg+xml,%3Csvg%20xmlns%3D&#39;http%3A%2F%2Fwww.w3.org%2F2000%2Fsvg&#39;%20viewBox%3D&#39;0%200%2053%2053&#39;%2F%3E\" data-src=\"https:\/\/ristorantelabrenva.it\/wp-content\/uploads\/2023\/10\/Schermata-2023-10-25-alle-12.00.25.png\" data-srcset=\"https:\/\/ristorantelabrenva.it\/wp-content\/uploads\/2023\/10\/Schermata-2023-10-25-alle-12.00.25.png 53w\" loading=\"eager\" style=\"--ratio: 53 \/ 53\" sizes=\"(max-width: 53px) 100vw, 53px\" width=\"53\" height=\"53\"   alt=\"\" \/><\/span><\/div><div class=\"content-wrap\"><div class=\"testimonial-vcard\"><div class=\"testimonial-name\"><span class=\"text-primary\">Katia Pacillo (Google)<\/span><br \/><\/div><div class=\"testimonial-position\"><\/div><\/div><div class=\"testimonial-content\"><p>Lieu charmant et accueillant, id\u00e9al pour se d\u00e9tendre, personnel disponible, excellentes chambres avec une vue spectaculaire.Il y a \u00e9galement une zone ap\u00e9ritif o\u00f9 ils proposent un excellent buffet avec lequel vous pouvez vous r\u00e9galer avec un excellent vin local.<\/p>\n<\/div><\/div><\/div><div class=\"testimonial-item\"><div class=\"testimonial-avatar\"><span class=\"testimonial-thumb layzr-bg\"><img decoding=\"async\" class=\"preload-me owl-lazy-load aspect\" src=\"data:image\/svg+xml,%3Csvg%20xmlns%3D&#39;http%3A%2F%2Fwww.w3.org%2F2000%2Fsvg&#39;%20viewBox%3D&#39;0%200%2072%2072&#39;%2F%3E\" data-src=\"https:\/\/ristorantelabrenva.it\/wp-content\/uploads\/2023\/10\/Schermata-2023-10-25-alle-11.59.29-72x72.png\" data-srcset=\"https:\/\/ristorantelabrenva.it\/wp-content\/uploads\/2023\/10\/Schermata-2023-10-25-alle-11.59.29-72x72.png 72w\" loading=\"eager\" style=\"--ratio: 72 \/ 72\" sizes=\"(max-width: 72px) 100vw, 72px\" width=\"72\" height=\"72\"   alt=\"\" \/><\/span><\/div><div class=\"content-wrap\"><div class=\"testimonial-vcard\"><div class=\"testimonial-name\"><span class=\"text-primary\">Guido Cornegliani (Google)<\/span><br \/><\/div><div class=\"testimonial-position\"><\/div><\/div><div class=\"testimonial-content\"><p>Excellent de tous points de vue : ambiance, accueil, service, nourriture et vin.Co\u00fbt moyen pour la r\u00e9gion.\u00c0 r\u00e9essayer.<\/p>\n<\/div><\/div><\/div><div class=\"testimonial-item\"><div class=\"testimonial-avatar\"><span class=\"testimonial-thumb layzr-bg\"><img decoding=\"async\" class=\"preload-me owl-lazy-load aspect\" src=\"data:image\/svg+xml,%3Csvg%20xmlns%3D&#39;http%3A%2F%2Fwww.w3.org%2F2000%2Fsvg&#39;%20viewBox%3D&#39;0%200%2075%2075&#39;%2F%3E\" data-src=\"https:\/\/ristorantelabrenva.it\/wp-content\/uploads\/2023\/10\/Schermata-2023-10-25-alle-11.57.43-75x75.png\" data-srcset=\"https:\/\/ristorantelabrenva.it\/wp-content\/uploads\/2023\/10\/Schermata-2023-10-25-alle-11.57.43-75x75.png 75w\" loading=\"eager\" style=\"--ratio: 75 \/ 75\" sizes=\"(max-width: 75px) 100vw, 75px\" width=\"75\" height=\"75\"   alt=\"\" \/><\/span><\/div><div class=\"content-wrap\"><div class=\"testimonial-vcard\"><div class=\"testimonial-name\"><span class=\"text-primary\">Cristian Lai (Google)<\/span><br \/><\/div><div class=\"testimonial-position\"><\/div><\/div><div class=\"testimonial-content\"><p>J&rsquo;ai pu d\u00eener dans ce restaurant o\u00f9 je me suis tr\u00e8s bien trouv\u00e9.Personnel accueillant et gentil, menu int\u00e9ressant avec des plats savoureux.Lieu caract\u00e9ristique et soign\u00e9.Un point n\u00e9gatif est le temps, je dois dire assez long.Pour le reste, tout est tr\u00e8s bon, je recommande<\/p>\n<\/div><\/div><\/div><div class=\"testimonial-item\"><div class=\"testimonial-avatar\"><span class=\"testimonial-thumb layzr-bg\"><img decoding=\"async\" class=\"preload-me owl-lazy-load aspect\" src=\"data:image\/svg+xml,%3Csvg%20xmlns%3D&#39;http%3A%2F%2Fwww.w3.org%2F2000%2Fsvg&#39;%20viewBox%3D&#39;0%200%2077%2077&#39;%2F%3E\" data-src=\"https:\/\/ristorantelabrenva.it\/wp-content\/uploads\/2023\/10\/Schermata-2023-10-25-alle-11.53.53-77x77.png\" data-srcset=\"https:\/\/ristorantelabrenva.it\/wp-content\/uploads\/2023\/10\/Schermata-2023-10-25-alle-11.53.53-77x77.png 77w\" loading=\"eager\" style=\"--ratio: 77 \/ 77\" sizes=\"(max-width: 77px) 100vw, 77px\" width=\"77\" height=\"77\"   alt=\"\" \/><\/span><\/div><div class=\"content-wrap\"><div class=\"testimonial-vcard\"><div class=\"testimonial-name\"><span class=\"text-primary\">Martin Carianni (Google)<\/span><br \/><\/div><div class=\"testimonial-position\"><\/div><\/div><div class=\"testimonial-content\"><p>R\u00e9cemment, j&rsquo;ai d\u00een\u00e9 \u00e0 la Locanda La Brenva de Courmayeur et j&rsquo;ai \u00e9t\u00e9 satisfait de la qualit\u00e9 de leurs plats principaux et desserts. L&rsquo;atmosph\u00e8re du restaurant \u00e9tait agr\u00e9able et le service \u00e9tait bon. Les plats principaux que nous avons essay\u00e9s \u00e9taient tous bien pr\u00e9par\u00e9s, en particulier le veau tonnato cuit \u00e0 basse temp\u00e9rature et la&hellip;<\/p>\n<\/div><\/div><\/div><\/div>[\/vc_column][\/vc_row]<\/p>\n<\/div>","protected":false},"excerpt":{"rendered":"<p>[vc_row][vc_column][\/vc_column][\/vc_row]<\/p>\n","protected":false},"author":2,"featured_media":0,"parent":0,"menu_order":0,"comment_status":"closed","ping_status":"closed","template":"","meta":{"footnotes":""},"class_list":["post-434","page","type-page","status-publish","hentry","description-off"],"yoast_head":"<!-- This site is optimized with the Yoast SEO plugin v27.5 - https:\/\/yoast.com\/product\/yoast-seo-wordpress\/ -->\n<title>Avis - La Brenva<\/title>\n<meta name=\"robots\" content=\"index, follow, max-snippet:-1, max-image-preview:large, max-video-preview:-1\" \/>\n<link rel=\"canonical\" href=\"https:\/\/ristorantelabrenva.it\/fr\/avis\/\" \/>\n<meta property=\"og:locale\" content=\"fr_FR\" \/>\n<meta property=\"og:type\" content=\"article\" \/>\n<meta property=\"og:title\" content=\"Avis - La Brenva\" \/>\n<meta property=\"og:description\" content=\"[vc_row][vc_column][\/vc_column][\/vc_row]\" \/>\n<meta property=\"og:url\" content=\"https:\/\/ristorantelabrenva.it\/fr\/avis\/\" \/>\n<meta property=\"og:site_name\" content=\"La Brenva\" \/>\n<meta property=\"article:modified_time\" content=\"2024-01-15T09:19:44+00:00\" \/>\n<meta property=\"og:image\" content=\"https:\/\/ristorantelabrenva.it\/wp-content\/uploads\/2023\/10\/la-brenva-5.jpg\" \/>\n\t<meta property=\"og:image:width\" content=\"900\" \/>\n\t<meta property=\"og:image:height\" content=\"601\" \/>\n\t<meta property=\"og:image:type\" content=\"image\/jpeg\" \/>\n<meta name=\"twitter:card\" content=\"summary_large_image\" \/>\n<script type=\"application\/ld+json\" class=\"yoast-schema-graph\">{\"@context\":\"https:\\\/\\\/schema.org\",\"@graph\":[{\"@type\":\"WebPage\",\"@id\":\"https:\\\/\\\/ristorantelabrenva.it\\\/fr\\\/avis\\\/\",\"url\":\"https:\\\/\\\/ristorantelabrenva.it\\\/fr\\\/avis\\\/\",\"name\":\"Avis - La Brenva\",\"isPartOf\":{\"@id\":\"https:\\\/\\\/ristorantelabrenva.it\\\/fr\\\/#website\"},\"datePublished\":\"2023-10-23T11:06:22+00:00\",\"dateModified\":\"2024-01-15T09:19:44+00:00\",\"breadcrumb\":{\"@id\":\"https:\\\/\\\/ristorantelabrenva.it\\\/fr\\\/avis\\\/#breadcrumb\"},\"inLanguage\":\"fr-FR\",\"potentialAction\":[{\"@type\":\"ReadAction\",\"target\":[\"https:\\\/\\\/ristorantelabrenva.it\\\/fr\\\/avis\\\/\"]}]},{\"@type\":\"BreadcrumbList\",\"@id\":\"https:\\\/\\\/ristorantelabrenva.it\\\/fr\\\/avis\\\/#breadcrumb\",\"itemListElement\":[{\"@type\":\"ListItem\",\"position\":1,\"name\":\"Home\",\"item\":\"https:\\\/\\\/ristorantelabrenva.it\\\/fr\\\/\"},{\"@type\":\"ListItem\",\"position\":2,\"name\":\"Avis\"}]},{\"@type\":\"WebSite\",\"@id\":\"https:\\\/\\\/ristorantelabrenva.it\\\/fr\\\/#website\",\"url\":\"https:\\\/\\\/ristorantelabrenva.it\\\/fr\\\/\",\"name\":\"Ristorante La Brenva\",\"description\":\"Ristorante La Brenva\",\"publisher\":{\"@id\":\"https:\\\/\\\/ristorantelabrenva.it\\\/fr\\\/#organization\"},\"potentialAction\":[{\"@type\":\"SearchAction\",\"target\":{\"@type\":\"EntryPoint\",\"urlTemplate\":\"https:\\\/\\\/ristorantelabrenva.it\\\/fr\\\/?s={search_term_string}\"},\"query-input\":{\"@type\":\"PropertyValueSpecification\",\"valueRequired\":true,\"valueName\":\"search_term_string\"}}],\"inLanguage\":\"fr-FR\"},{\"@type\":\"Organization\",\"@id\":\"https:\\\/\\\/ristorantelabrenva.it\\\/fr\\\/#organization\",\"name\":\"Ristorante La Brenva\",\"url\":\"https:\\\/\\\/ristorantelabrenva.it\\\/fr\\\/\",\"logo\":{\"@type\":\"ImageObject\",\"inLanguage\":\"fr-FR\",\"@id\":\"https:\\\/\\\/ristorantelabrenva.it\\\/fr\\\/#\\\/schema\\\/logo\\\/image\\\/\",\"url\":\"https:\\\/\\\/ristorantelabrenva.it\\\/wp-content\\\/uploads\\\/2023\\\/10\\\/rsz_logo_new.png\",\"contentUrl\":\"https:\\\/\\\/ristorantelabrenva.it\\\/wp-content\\\/uploads\\\/2023\\\/10\\\/rsz_logo_new.png\",\"width\":114,\"height\":154,\"caption\":\"Ristorante La Brenva\"},\"image\":{\"@id\":\"https:\\\/\\\/ristorantelabrenva.it\\\/fr\\\/#\\\/schema\\\/logo\\\/image\\\/\"}}]}<\/script>\n<!-- \/ Yoast SEO plugin. -->","yoast_head_json":{"title":"Avis - La Brenva","robots":{"index":"index","follow":"follow","max-snippet":"max-snippet:-1","max-image-preview":"max-image-preview:large","max-video-preview":"max-video-preview:-1"},"canonical":"https:\/\/ristorantelabrenva.it\/fr\/avis\/","og_locale":"fr_FR","og_type":"article","og_title":"Avis - La Brenva","og_description":"[vc_row][vc_column][\/vc_column][\/vc_row]","og_url":"https:\/\/ristorantelabrenva.it\/fr\/avis\/","og_site_name":"La Brenva","article_modified_time":"2024-01-15T09:19:44+00:00","og_image":[{"width":900,"height":601,"url":"https:\/\/ristorantelabrenva.it\/wp-content\/uploads\/2023\/10\/la-brenva-5.jpg","type":"image\/jpeg"}],"twitter_card":"summary_large_image","schema":{"@context":"https:\/\/schema.org","@graph":[{"@type":"WebPage","@id":"https:\/\/ristorantelabrenva.it\/fr\/avis\/","url":"https:\/\/ristorantelabrenva.it\/fr\/avis\/","name":"Avis - La Brenva","isPartOf":{"@id":"https:\/\/ristorantelabrenva.it\/fr\/#website"},"datePublished":"2023-10-23T11:06:22+00:00","dateModified":"2024-01-15T09:19:44+00:00","breadcrumb":{"@id":"https:\/\/ristorantelabrenva.it\/fr\/avis\/#breadcrumb"},"inLanguage":"fr-FR","potentialAction":[{"@type":"ReadAction","target":["https:\/\/ristorantelabrenva.it\/fr\/avis\/"]}]},{"@type":"BreadcrumbList","@id":"https:\/\/ristorantelabrenva.it\/fr\/avis\/#breadcrumb","itemListElement":[{"@type":"ListItem","position":1,"name":"Home","item":"https:\/\/ristorantelabrenva.it\/fr\/"},{"@type":"ListItem","position":2,"name":"Avis"}]},{"@type":"WebSite","@id":"https:\/\/ristorantelabrenva.it\/fr\/#website","url":"https:\/\/ristorantelabrenva.it\/fr\/","name":"Ristorante La Brenva","description":"Ristorante La Brenva","publisher":{"@id":"https:\/\/ristorantelabrenva.it\/fr\/#organization"},"potentialAction":[{"@type":"SearchAction","target":{"@type":"EntryPoint","urlTemplate":"https:\/\/ristorantelabrenva.it\/fr\/?s={search_term_string}"},"query-input":{"@type":"PropertyValueSpecification","valueRequired":true,"valueName":"search_term_string"}}],"inLanguage":"fr-FR"},{"@type":"Organization","@id":"https:\/\/ristorantelabrenva.it\/fr\/#organization","name":"Ristorante La Brenva","url":"https:\/\/ristorantelabrenva.it\/fr\/","logo":{"@type":"ImageObject","inLanguage":"fr-FR","@id":"https:\/\/ristorantelabrenva.it\/fr\/#\/schema\/logo\/image\/","url":"https:\/\/ristorantelabrenva.it\/wp-content\/uploads\/2023\/10\/rsz_logo_new.png","contentUrl":"https:\/\/ristorantelabrenva.it\/wp-content\/uploads\/2023\/10\/rsz_logo_new.png","width":114,"height":154,"caption":"Ristorante La Brenva"},"image":{"@id":"https:\/\/ristorantelabrenva.it\/fr\/#\/schema\/logo\/image\/"}}]}},"_links":{"self":[{"href":"https:\/\/ristorantelabrenva.it\/fr\/wp-json\/wp\/v2\/pages\/434","targetHints":{"allow":["GET"]}}],"collection":[{"href":"https:\/\/ristorantelabrenva.it\/fr\/wp-json\/wp\/v2\/pages"}],"about":[{"href":"https:\/\/ristorantelabrenva.it\/fr\/wp-json\/wp\/v2\/types\/page"}],"author":[{"embeddable":true,"href":"https:\/\/ristorantelabrenva.it\/fr\/wp-json\/wp\/v2\/users\/2"}],"replies":[{"embeddable":true,"href":"https:\/\/ristorantelabrenva.it\/fr\/wp-json\/wp\/v2\/comments?post=434"}],"version-history":[{"count":3,"href":"https:\/\/ristorantelabrenva.it\/fr\/wp-json\/wp\/v2\/pages\/434\/revisions"}],"predecessor-version":[{"id":437,"href":"https:\/\/ristorantelabrenva.it\/fr\/wp-json\/wp\/v2\/pages\/434\/revisions\/437"}],"wp:attachment":[{"href":"https:\/\/ristorantelabrenva.it\/fr\/wp-json\/wp\/v2\/media?parent=434"}],"curies":[{"name":"wp","href":"https:\/\/api.w.org\/{rel}","templated":true}]}}